{"id":407,"date":"2026-03-02T21:35:32","date_gmt":"2026-03-02T21:35:32","guid":{"rendered":"https:\/\/elouan-lebars.fr\/texte-raphael-brunel-copy\/"},"modified":"2026-03-02T21:37:24","modified_gmt":"2026-03-02T21:37:24","slug":"texte-andy-rankin","status":"publish","type":"page","link":"https:\/\/elouan-lebars.fr\/fr\/texte-andy-rankin\/","title":{"rendered":"Andy Rankin, Un soleil \u00e0 peine voil\u00e9"},"content":{"rendered":"","protected":false},"excerpt":{"rendered":"","protected":false},"author":1,"featured_media":0,"parent":0,"menu_order":5,"comment_status":"closed","ping_status":"closed","template":"","meta":[],"class_list":["post-407","page","type-page","status-publish","hentry"],"grid":"{\r\n  \"colCount\": 2,\r\n  \"colGutter\": 1,\r\n  \"rowGutters\": [],\r\n  \"frameMargin\": 5,\r\n  \"leftFrameMargin\": 28,\r\n  \"rightFrameMargin\": 28,\r\n  \"topFrameMargin\": 40,\r\n  \"mus\": {\r\n    \"colGutterMu\": \"%\",\r\n    \"rowGutterMu\": \"%\",\r\n    \"topFrameMu\": \"px\",\r\n    \"bottomFrameMu\": \"%\",\r\n    \"frameMu\": \"%\"\r\n  },\r\n  \"bottomFrameMargin\": 4,\r\n  \"rowAttrs\": [\r\n    {\r\n      \"relid\": 1\r\n    }\r\n  ],\r\n  \"bgColor\": null,\r\n  \"bgImage\": null,\r\n  \"cont\": [\r\n    {\r\n      \"type\": \"text\",\r\n      \"cont\": \"<p><strong>Un soleil \u00e0 peine voil\u00e9<br \/><\/strong><strong>Galerie de l'Acad\u00e9mie des Beaux-Arts, Paris<br \/>2025<\/strong><\/p><p>\\\"En avril 2025, un black-out a s\u00e9vi sur la p\u00e9ninsule ib\u00e9rique. Sept heures de silence, sept heures d\u2019arr\u00eat, o\u00f9 l\u2019infrastructure invisible qui gouverne nos existences s\u2019est r\u00e9v\u00e9l\u00e9e soudainement fragile. Les flux d\u2019informations et financiers se sont taris, les \u00e9crans se sont \u00e9teints tandis que les injonctions du syst\u00e8me \u00e9conomique se sont r\u00e9v\u00e9l\u00e9es caduques. La sid\u00e9ration a laiss\u00e9 place \u00e0 l\u2019insouciance, et de nombreuses personnes se sont alors dirig\u00e9es vers les plages pour aller se baigner. Ce geste de jouissance et de r\u00e9sistance arrach\u00e9 au chaos, fait partie du r\u00e9f\u00e9rentiel permettant d\u2019appr\u00e9hender les recherches men\u00e9es par Elouan Le Bars.\u00a0<\/p><p>Les \u0153uvres d\u2019Elouan Le Bars apparaissent comme autant d\u2019enqu\u00eates fictionnelles sur les \u00e9piph\u00e9nom\u00e8nes d\u2019un monde malade. Elles r\u00e9v\u00e8lent un \u00e9ventail de strat\u00e9gies fragiles mises en place pour r\u00e9sister \u00e0 la perte de sens g\u00e9n\u00e9ralis\u00e9e qui caract\u00e9rise notre \u00e9poque. Dans la vid\u00e9o <i>Peak Performance<\/i> (2024), les participants, livr\u00e9s \u00e0 eux-m\u00eames, rejouent des protocoles destin\u00e9s aux salari\u00e9s du tertiaire, de ceux pris au pi\u00e8ge du management. L\u2019artiste a mis en place un jeu de r\u00e9invention des r\u00f4les, permettant aux acteurs de performer un r\u00f4le que l\u2019on devine \u00eatre celui qu\u2019ils endossent dans le monde du travail. Un jeu accentu\u00e9 par les costumes et le rapport \u00e0 l\u2019espace. Le montage superpose ainsi l\u2019artifice et l\u2019intime. Les protagonistes se retrouvent \u00e0 \u00e9riger des architectures pr\u00e9caires avec des b\u00e2tons de glace ou \u00e0 manipuler de la paille, ce symbole du labeur d\u2019un autre si\u00e8cle. Dans ce montage de sc\u00e8nes \u00e0 priori anodines, dans ce regard qui refuse d\u2019ass\u00e9ner une v\u00e9rit\u00e9 mais s\u2019attache aux failles, se d\u00e9ploie la force d\u2019Elouan Le Bars: il r\u00e9v\u00e8le l\u2019incoh\u00e9rence syst\u00e9mique d\u2019un monde du travail qui fragilise les plus pr\u00e9caires. Cependant, les personnages qui se meuvent, s\u2019expriment et se confient, ne sont pas dans une position de fragilit\u00e9, ils sont r\u00e9unis par la force d\u2019une communaut\u00e9 de l\u2019instant.<\/p><p>Dans la vid\u00e9o en animation 3D\u00a0 <i>Corrupted Blood <\/i>(2024), l\u2019artiste exhume l\u2019\u00e9pid\u00e9mie virtuelle qui, en 2005, a ravag\u00e9 le jeu World of Warcraft. Une catastrophe num\u00e9rique, sans m\u00e9moire officielle, r\u00e9activ\u00e9e comme une archive spectrale. Les avatars apparaissent d\u00e9form\u00e9s, alourdis, mutants, difformes, porteurs d\u2019une maladie invisible qui se mat\u00e9rialise \u00e0 l\u2019\u00e9cran. Pour recomposer ce r\u00e9cit, Elouan Le Bars a fouill\u00e9 les forums de joueurs, retrouv\u00e9 des traces enfouies, interview\u00e9 certains protagonistes de l\u2019\u00e9poque. Historien autant que narrateur, il collecte des fragments \u00e9pars pour en faire surgir une m\u00e9moire instable, o\u00f9 les t\u00e9moignages et les images contamin\u00e9es se confondent. Cette \u00e9pid\u00e9mie a bien servi aux \u00e9pid\u00e9miologistes, qui y ont vu un laboratoire virtuel pour \u00e9tudier la r\u00e9action humaine face \u00e0 la contagion. Mais elle annon\u00e7ait surtout une autre infection, beaucoup plus vaste: celle des r\u00e9seaux. La propagation sans contr\u00f4le du virus dans le jeu pr\u00e9figurait la diss\u00e9mination des fake news, la circulation virale de r\u00e9cits complotistes, l\u2019avalanche de contenus toxiques qui caract\u00e9rise l\u2019internet contemporain, \u00e0 l\u2019instar de la loi de Brandolini (il faut une \u00e9nergie colossale pour d\u00e9construire une id\u00e9e fausse \u00e9nonc\u00e9e en un instant). Un bug a suffi \u00e0 contaminer tout un monde virtuel, comme une rumeur insignifiante peut d\u00e9sormais saturer le d\u00e9bat public. Le film <i>Corrupted Blood<\/i> n\u2019est pas seulement le souvenir d\u2019un \u00e9v\u00e9nement pass\u00e9, il est une proph\u00e9tie prouvant qu\u2019une \u00e9pid\u00e9mie peut devenir une source de production d\u2019images et de r\u00e9cits qui incarnent la perte de sens de notre \u00e9poque.\u00a0<\/p><p>Dans un monde satur\u00e9 de catastrophes, o\u00f9 chaque \u00e9cran affiche ou refl\u00e8te une crise en cours ou \u00e0 venir, Elouan Le Bars met en lumi\u00e8re des r\u00e9cits qui donnent forme \u00e0 l\u2019inqui\u00e9tude. Ses \u0153uvres r\u00e9v\u00e8lent les fissures de nos soci\u00e9t\u00e9s, entre rituels vides de sens et avatars contamin\u00e9s. Les corps qu\u2019il filme, les voix qu\u2019il collecte, les gestes qu\u2019il exhume ne sont pas seulement des sympt\u00f4mes: ils dessinent aussi les pr\u00e9mices d\u2019un autre possible. Le temps d\u2019un film, d\u2019un r\u00e9cit partag\u00e9, une communaut\u00e9 se forme, une m\u00e9moire s\u2019invente, une strat\u00e9gie de r\u00e9sistance se met subtilement en place.\\\"<\/p><p><strong>Andy Rankin<\/strong><\/p>\",\r\n      \"align\": \"top\",\r\n      \"row\": 0,\r\n      \"col\": 0,\r\n      \"colspan\": 2,\r\n      \"offsetx\": 0,\r\n      \"offsety\": 0,\r\n      \"spaceabove\": 0,\r\n      \"spacebelow\": 0,\r\n      \"yvel\": 1,\r\n      \"push\": 0,\r\n      \"relid\": 2,\r\n      \"absolute_position\": false\r\n    }\r\n  ]\r\n}","phonegrid":"","_links":{"self":[{"href":"https:\/\/elouan-lebars.fr\/fr\/wp-json\/wp\/v2\/pages\/407","targetHints":{"allow":["GET"]}}],"collection":[{"href":"https:\/\/elouan-lebars.fr\/fr\/wp-json\/wp\/v2\/pages"}],"about":[{"href":"https:\/\/elouan-lebars.fr\/fr\/wp-json\/wp\/v2\/types\/page"}],"author":[{"embeddable":true,"href":"https:\/\/elouan-lebars.fr\/fr\/wp-json\/wp\/v2\/users\/1"}],"replies":[{"embeddable":true,"href":"https:\/\/elouan-lebars.fr\/fr\/wp-json\/wp\/v2\/comments?post=407"}],"version-history":[{"count":0,"href":"https:\/\/elouan-lebars.fr\/fr\/wp-json\/wp\/v2\/pages\/407\/revisions"}],"wp:attachment":[{"href":"https:\/\/elouan-lebars.fr\/fr\/wp-json\/wp\/v2\/media?parent=407"}],"curies":[{"name":"wp","href":"https:\/\/api.w.org\/{rel}","templated":true}]}}