{"id":409,"date":"2026-03-02T21:39:19","date_gmt":"2026-03-02T21:39:19","guid":{"rendered":"https:\/\/elouan-lebars.fr\/texte-raphael-brunel-copy\/"},"modified":"2026-03-02T21:41:33","modified_gmt":"2026-03-02T21:41:33","slug":"texte-maelle-dault","status":"publish","type":"page","link":"https:\/\/elouan-lebars.fr\/fr\/texte-maelle-dault\/","title":{"rendered":"Ma\u00eblle Dault, Frac \u00cele-de-France"},"content":{"rendered":"","protected":false},"excerpt":{"rendered":"","protected":false},"author":1,"featured_media":0,"parent":0,"menu_order":4,"comment_status":"closed","ping_status":"closed","template":"","meta":[],"class_list":["post-409","page","type-page","status-publish","hentry"],"grid":"{\r\n  \"colCount\": 2,\r\n  \"colGutter\": 1,\r\n  \"rowGutters\": [],\r\n  \"frameMargin\": 5,\r\n  \"leftFrameMargin\": 28,\r\n  \"rightFrameMargin\": 28,\r\n  \"topFrameMargin\": 40,\r\n  \"mus\": {\r\n    \"colGutterMu\": \"%\",\r\n    \"rowGutterMu\": \"%\",\r\n    \"topFrameMu\": \"px\",\r\n    \"bottomFrameMu\": \"%\",\r\n    \"frameMu\": \"%\"\r\n  },\r\n  \"bottomFrameMargin\": 4,\r\n  \"rowAttrs\": [\r\n    {\r\n      \"relid\": 1\r\n    }\r\n  ],\r\n  \"bgColor\": null,\r\n  \"bgImage\": null,\r\n  \"cont\": [\r\n    {\r\n      \"type\": \"text\",\r\n      \"cont\": \"<p><strong>Deux v\u00e9rit\u00e9s, un mensonge<br \/><\/strong><strong>Frac \u00cele-de-France, Le Plateau<br \/>2025<\/strong><\/p><p>\\\"Elouan Le Bars est n\u00e9 en 1998 \u00e0 Douarnenez. Il vit et travaille \u00e0 Paris.<span>\u00a0<\/span><\/p><p>Apr\u00e8s des \u00e9tudes d\u2019ing\u00e9nieur \u00e0 l\u2019Universit\u00e9 de Technologie de Compi\u00e8gne en 2021, Elouan Le Bars int\u00e8gre l\u2019\u00c9cole Nationale Sup\u00e9rieure d\u2019Arts de Cergy dont il sort dipl\u00f4m\u00e9 en 2024.<span>\u00a0<\/span><\/p><p>Son travail explore les logiques de simulation propres aux environnements num\u00e9riques, le potentiel sp\u00e9culatif et interactif du jeu vid\u00e9o, les mutations du monde du travail et ses corolaires manag\u00e9riaux. Ses films, tourn\u00e9s en images r\u00e9elles ou \u00e0 partir de mod\u00e9lisations 3D, sont \u00e9labor\u00e9s \u00e0 partir de mat\u00e9riaux documentaires (t\u00e9moignages, entretiens, artefacts num\u00e9riques, objets trouv\u00e9s\u2026). Ils sont souvent int\u00e9gr\u00e9s \u00e0 des installations immersives dans lesquelles des objets du quotidien symbolisent les dynamiques de pouvoir qui s\u2019exercent dans des environnements tels que le mus\u00e9e, les bureaux ou encore une rage room. Par ces allers et retours entre des espaces virtuels et mat\u00e9riels, Elouan Le Bars invente des modalit\u00e9s performatives dans un registre o\u00f9 l\u2019\u00e9tranget\u00e9 brouille les fronti\u00e8res, cr\u00e9ant des espaces fictionnels qui tendent \u00e0 augmenter notre perception du r\u00e9el.<\/p><p><span>Le titre de l\u2019exposition <\/span><em>Deux v\u00e9rit\u00e9s, un mensonge est<\/em> emprunt\u00e9 \u00e0 un exercice de <em>team-building<\/em> permettant de distinguer le vrai du faux en devinant un mensonge parmi trois faits \u00e9nonc\u00e9s<em>. <\/em><span>Pr\u00e9sent\u00e9 pour la premi\u00e8re fois sous la forme d\u2019une installation, le film <em>Peak Performance<\/em>, 2024 met en sc\u00e8ne sept personnages qui \u00e9voluent dans un espace (entre bureau, zone de stockage, ou galerie d\u2019art) qui se modifie au fil des exercices de consolidation et de coh\u00e9sion d\u2019\u00e9quipe, des improvisations et des histoires de vies professionnelles partag\u00e9es. Dans un tel cadre, jeu et travail se m\u00ealent aux perspectives, aux d\u00e9ceptions v\u00e9cues et aux d\u00e9sirs de progression et d\u2019existence par le biais de la parole individuelle et d\u2019une gestuelle collective. <\/span><\/p><p>Le film <span><em>Peak Performance<\/em>, 2024 <\/span>est l\u2019\u00e9l\u00e9ment central de l\u2019exposition tandis qu\u2019une partie du mat\u00e9riel de recherche du film - des masques, des dessins int\u00e9grant des images d\u2019archives, une vid\u00e9o \u00e0 360 degr\u00e9s, certains costumes \u2013 y retrouvent une place indicielle. Les moments de pause, les transitions, les gestes p\u00e9riph\u00e9riques sont conserv\u00e9s. <span>La paille, dans laquelle chacun des personnages du film semble chercher un petit quelque chose, accentue le d\u00e9calage avec la r\u00e9alit\u00e9 d\u2019un travail le plus souvent d\u00e9mat\u00e9rialis\u00e9 et l\u2019aspiration \u00e0 entrer en osmose avec la nature. <\/span>Les exercices de team building s\u2019y renouv\u00e8lent en sc\u00e8nes improvis\u00e9es, non script\u00e9es, brouillant sinc\u00e9rit\u00e9 et performance.<\/p><p>Ces jeux de r\u00f4les dessinent un corps unique et poreux qui s\u2019affranchit des fronti\u00e8res entre la fiction filmique et la r\u00e9alit\u00e9 mat\u00e9rielle de l\u2019espace. L\u2019installation intensifie cette porosit\u00e9 par la pr\u00e9sence de plusieurs signes plus ou moins visibles. La pr\u00e9sence dans l\u2019installation de certains objets de d\u00e9cor et des costumes nous place sur un pied d\u2019\u00e9galit\u00e9 avec les protagonistes du film, comme si nous devenions elles ou eux.<\/p><p>\u00c0 l\u2019image du ch\u00e2teau de cartes de jeu de r\u00f4le pr\u00e9sent dans l\u2019exposition, les vies professionnelles nous font endosser des r\u00f4les d\u2019\u00e9quilibristes qui savent en permanence \u00eatre rejou\u00e9s voire d\u00e9tourn\u00e9s. <span>Les personnages \u00e9changent sur la conformit\u00e9 des corps au travail \u00e0 travers les codes vestimentaires. Leur propre vestiaire leur permet d\u2019\u00e9valuer et de comprendre les mod\u00e8les de ceux et celles qui les emploient. <\/span>Les costumes participent \u00e0 ce d\u00e9calage, ils ne leur appartiennent pas vraiment et contribuent \u00e0 une forme d\u2019opacit\u00e9, une forme d\u2019ind\u00e9termination, un espace flottant o\u00f9 l\u2019identit\u00e9 reste en suspens.<\/p><p>Dans ce th\u00e9\u00e2tre, les \u00e9motions deviennent des outils, les histoires personnelles un mat\u00e9riau \u00e0 modeler, et le collectif un d\u00e9cor \u00e0 entretenir. Il repose sur des dispositifs de croyance : storytelling, motivation, vision commune, culture d\u2019entreprise. Et les r\u00e9cits se d\u00e9plient entre r\u00e9alit\u00e9s mat\u00e9rielles et constructions imaginaires <span>: <\/span><span>des petits boulots alimentaires sous-pay\u00e9s, une usine de conserverie de poissons, des paysages artificiels, des neiges \u00e9ternelles, des rideaux \u00e9pais, un lit o\u00f9 l\u2019on se jette, des emplois du temps que l\u2019on v\u00e9rifie. <\/span><\/p><p>L\u2019exposition <em>Deux v\u00e9rit\u00e9s, un mensonge<\/em> convertit le spectateur en un potentiel participant qui, \u00e0 son tour, entre dans un jeu qui renvoie aux conditions m\u00eame des travailleurs contemporains, somm\u00e9s de \u00ab performer \u00bb leur engagement, de rendre visible leur enthousiasme et leur adaptabilit\u00e9 en toutes circonstances. Dans cette ronde sans fin et depuis ce laboratoire de comportements, la paille gratte et s\u2019immisce partout, les cauchemars r\u00f4dent, les mots se d\u00e9forment de bouche en bouche, les discours et les corps se conforment, et dans l\u2019attente d\u2019un repos m\u00e9rit\u00e9 ou d\u2019une pause interdite, les personnalit\u00e9s se diluent, happ\u00e9es par les squelettes de petites architectures de fortune qu\u2019ils tentent d\u2019\u00e9difier dans un rythme collectif.\\\"<\/p><p><strong>Ma\u00eblle Dault<\/strong><\/p>\",\r\n      \"align\": \"top\",\r\n      \"row\": 0,\r\n      \"col\": 0,\r\n      \"colspan\": 2,\r\n      \"offsetx\": 0,\r\n      \"offsety\": 0,\r\n      \"spaceabove\": 0,\r\n      \"spacebelow\": 0,\r\n      \"yvel\": 1,\r\n      \"push\": 0,\r\n      \"relid\": 2,\r\n      \"absolute_position\": false\r\n    }\r\n  ]\r\n}","phonegrid":"","_links":{"self":[{"href":"https:\/\/elouan-lebars.fr\/fr\/wp-json\/wp\/v2\/pages\/409","targetHints":{"allow":["GET"]}}],"collection":[{"href":"https:\/\/elouan-lebars.fr\/fr\/wp-json\/wp\/v2\/pages"}],"about":[{"href":"https:\/\/elouan-lebars.fr\/fr\/wp-json\/wp\/v2\/types\/page"}],"author":[{"embeddable":true,"href":"https:\/\/elouan-lebars.fr\/fr\/wp-json\/wp\/v2\/users\/1"}],"replies":[{"embeddable":true,"href":"https:\/\/elouan-lebars.fr\/fr\/wp-json\/wp\/v2\/comments?post=409"}],"version-history":[{"count":0,"href":"https:\/\/elouan-lebars.fr\/fr\/wp-json\/wp\/v2\/pages\/409\/revisions"}],"wp:attachment":[{"href":"https:\/\/elouan-lebars.fr\/fr\/wp-json\/wp\/v2\/media?parent=409"}],"curies":[{"name":"wp","href":"https:\/\/api.w.org\/{rel}","templated":true}]}}